{"id":1495,"date":"2025-03-26T17:44:31","date_gmt":"2025-03-26T17:44:31","guid":{"rendered":"https:\/\/bossert-immo.com\/?page_id=1495"},"modified":"2025-03-26T17:51:07","modified_gmt":"2025-03-26T17:51:07","slug":"referenzen","status":"publish","type":"page","link":"https:\/\/bossert-immo.com\/en_gb\/referenzen\/","title":{"rendered":"Referenzen"},"content":{"rendered":"<div data-elementor-type=\"wp-page\" data-elementor-id=\"1495\" class=\"elementor elementor-1495\" data-elementor-post-type=\"page\">\n\t\t\t\t<div class=\"elementor-element elementor-element-213b2e5 e-con-full e-flex e-con e-parent\" data-id=\"213b2e5\" data-element_type=\"container\" data-e-type=\"container\" data-settings=\"{&quot;background_background&quot;:&quot;classic&quot;}\">\n\t\t<div class=\"elementor-element elementor-element-13cb8f8 e-con-full e-flex e-con e-child\" data-id=\"13cb8f8\" data-element_type=\"container\" data-e-type=\"container\">\n\t\t\t\t<div class=\"elementor-element elementor-element-6452eea elementor-widget elementor-widget-heading\" data-id=\"6452eea\" data-element_type=\"widget\" data-e-type=\"widget\" data-widget_type=\"heading.default\">\n\t\t\t\t\t<h2 class=\"elementor-heading-title elementor-size-default\">Referenzen<\/h2>\t\t\t\t<\/div>\n\t\t\t\t<div data-frymo-query-id=\"maklersearch\" data-initial-settings=\"{&quot;marketing_type&quot;:0,&quot;type&quot;:&quot;alle&quot;,&quot;location&quot;:0,&quot;radius&quot;:&quot;&quot;,&quot;search_string&quot;:&quot;&quot;,&quot;price_to&quot;:&quot;&quot;,&quot;rooms_from&quot;:&quot;&quot;,&quot;area_from&quot;:&quot;&quot;,&quot;area_type&quot;:&quot;&quot;,&quot;form_action&quot;:&quot;ajax&quot;,&quot;redirect_url&quot;:{&quot;url&quot;:&quot;&quot;,&quot;is_external&quot;:&quot;&quot;,&quot;nofollow&quot;:&quot;&quot;,&quot;custom_attributes&quot;:&quot;&quot;},&quot;query_id&quot;:&quot;maklersearch&quot;}\" class=\"elementor-element elementor-element-228896a elementor-widget elementor-widget-frymo-search-form\" data-id=\"228896a\" data-element_type=\"widget\" data-e-type=\"widget\" data-widget_type=\"frymo-search-form.search-form-simple\">\n\t\t\t\t<div class=\"elementor-widget-container\">\n\t\t\t\t\t<div class=\"frymo-widget-header\"><\/div>        <form class=\"frymo-filter-form search-form-simple-skin\" action=\"\">\n\n            <label class=\"search\">\n\t\t\t\t                <input name=\"search_string\" type=\"text\"\n                       placeholder=\"Titel oder Objekt-ID\"\n                       value=\"\">\n            <\/label>\n\n\t\t\t\t<input type=\"hidden\" name=\"s_fields\" value=\"title,external_id,zip_code,location,internal_id\" \/>\n\n            <label class=\"marketing_type\">\n\t\t\t\t                <select name=\"marketing_type\">\n\t\t\t\t\t<option  value=\"\">Mieten und Kaufen<\/option><option  value=\"212\">Buy<\/option><option  value=\"261\">Rent<\/option>                <\/select>\n            <\/label>\n\n            <label class=\"type\">\n\t\t\t\t<select name=\"type\" id=\"type\" class=\"postform\"><option value=\"\">Alle Objekttypen<\/option><option value=\"haus\">Homes for Sale<\/option><option value=\"bungalow\">\u2014 Bungalow<\/option><option value=\"einfamilienhaus\">\u2014 Einfamilienhaus<\/option><option value=\"reiheneck\">\u2014 Reiheneckhaus<\/option><option value=\"reihenend\">\u2014 End-Unit Townhous<\/option><option value=\"wohnung\">Apartment<\/option><option value=\"etage\">\u2014 Apartment<\/option><option value=\"maisonette\">\u2014 Maisonette<\/option><\/select>            <\/label>\n\n            <label class=\"apply\">\n\t\t\t\t                <!-- <input class=\"frymo-submit\" type=\"submit\" value=\"Suchen\"> -->\n                <button class=\"frymo-submit\" type=\"submit\">Suchen<\/button>\n            <\/label>\n\n        <input type=\"hidden\" name=\"trp-form-language\" value=\"en_gb\"\/><\/form>\n\n        <div class=\"results-count\"><\/div>\n\n\t\t\t\t\t\t<\/div>\n\t\t\t\t<\/div>\n\t\t\t\t<\/div>\n\t\t\t\t<\/div>\n\t\t<div class=\"elementor-element elementor-element-823be89 e-con-full e-flex e-con e-parent\" data-id=\"823be89\" data-element_type=\"container\" data-e-type=\"container\">\n\t\t<div class=\"elementor-element elementor-element-a0643e0 e-con-full e-flex e-con e-child\" data-id=\"a0643e0\" data-element_type=\"container\" data-e-type=\"container\">\n\t\t\t\t<div data-frymo-query-id=\"maklersearch\" data-frymo-widget-settings=\"{&quot;post_id&quot;:1495,&quot;widget_id&quot;:&quot;d170466&quot;,&quot;query_id&quot;:&quot;maklersearch&quot;,&quot;scrolltop_offset&quot;:100}\" class=\"elementor-element elementor-element-d170466 elementor-widget elementor-widget-frymo-listing\" data-id=\"d170466\" data-element_type=\"widget\" data-e-type=\"widget\" data-widget_type=\"frymo-listing.grid-skin\">\n\t\t\t\t<div class=\"elementor-widget-container\">\n\t\t\t\t\t<div class=\"frymo-listing-toolbar\"><div class=\"frymo-results-count\"><\/div><div class=\"frymo-order-switcher\"><select class=\"frymo-orderby-select\" autocomplete=\"off\"><option value=\"default\"  selected='selected' >Default Sorting<\/option><option value=\"price_asc\"  >Price (lowest first)<\/option><option value=\"price_desc\"  >Price (highest first)<\/option><option value=\"rooms_asc\"  >Rooms (lowest first)<\/option><option value=\"rooms_desc\"  >Rooms (highest first)<\/option><option value=\"area_asc\"  >Area (lowest first)<\/option><option value=\"area_desc\"  >Area (highest first)<\/option><option value=\"id_asc\"  >External ID (smallest first)<\/option><option value=\"id_desc\"  >External ID (largest first)<\/option><option value=\"id_internal_asc\"  >Internal ID (smallest first)<\/option><option value=\"id_internal_desc\"  >Internal ID (largest first)<\/option><option value=\"date_asc\"  >Published Date (oldest first)<\/option><option value=\"date_desc\"  >Published Date (newest first)<\/option><\/select><\/div><\/div><div class=\"frymo-listing frymo-listing-grid-skin\" data-settings=\"{&quot;post_id&quot;:1495,&quot;widget_id&quot;:&quot;d170466&quot;,&quot;query_id&quot;:&quot;maklersearch&quot;,&quot;scrolltop_offset&quot;:100}\">        <div class=\"frymo-no-results-message\">\n            <div class=\"no-results-message\">\n\t\t\t\t\tEntschuldigung, dieser Filter hat keine Ergebnisse. Bitte versuchen Sie es mit anderen Kriterien.\t\t\t\t<\/div>\n        <\/div>\n\t\t<\/div>\t\t\t\t<\/div>\n\t\t\t\t<\/div>\n\t\t\t\t<\/div>\n\t\t\t\t<\/div>\n\t\t\t\t<\/div>","protected":false},"excerpt":{"rendered":"<p>Referenzen Mieten und KaufenKauf Alle ObjekttypenHaus \u2013\u2013 Mehrfamilienhaus \u2013\u2013 ReihenendhausWohnung \u2013\u2013 Dachgeschosswohnung Suchen StandardsortierungPreis (niedrigste zuerst)Preis (h\u00f6chste zuerst)Zimmer (niedrigste zuerst)Zimmer (h\u00f6chste zuerst)Fl\u00e4che (niedrigste zuerst)Fl\u00e4che (h\u00f6chste zuerst)ID (kleinste zuerst)ID (gr\u00f6\u00dfte zuerst)Datum (\u00e4lteste zuerst)Datum (neueste zuerst) Entschuldigung, dieser Filter hat keine Ergebnisse. Bitte versuchen Sie es mit anderen Kriterien.<\/p>","protected":false},"author":3,"featured_media":0,"parent":0,"menu_order":0,"comment_status":"closed","ping_status":"closed","template":"","meta":{"_acf_changed":false,"footnotes":""},"class_list":["post-1495","page","type-page","status-publish","hentry"],"acf":[],"_links":{"self":[{"href":"https:\/\/bossert-immo.com\/en_gb\/wp-json\/wp\/v2\/pages\/1495","targetHints":{"allow":["GET"]}}],"collection":[{"href":"https:\/\/bossert-immo.com\/en_gb\/wp-json\/wp\/v2\/pages"}],"about":[{"href":"https:\/\/bossert-immo.com\/en_gb\/wp-json\/wp\/v2\/types\/page"}],"author":[{"embeddable":true,"href":"https:\/\/bossert-immo.com\/en_gb\/wp-json\/wp\/v2\/users\/3"}],"replies":[{"embeddable":true,"href":"https:\/\/bossert-immo.com\/en_gb\/wp-json\/wp\/v2\/comments?post=1495"}],"version-history":[{"count":0,"href":"https:\/\/bossert-immo.com\/en_gb\/wp-json\/wp\/v2\/pages\/1495\/revisions"}],"wp:attachment":[{"href":"https:\/\/bossert-immo.com\/en_gb\/wp-json\/wp\/v2\/media?parent=1495"}],"curies":[{"name":"wp","href":"https:\/\/api.w.org\/{rel}","templated":true}]}}